{"id":25501,"date":"2022-04-27T11:46:04","date_gmt":"2022-04-27T09:46:04","guid":{"rendered":"https:\/\/marienoelledelapoype.com\/archibaldo-lanus-2018\/"},"modified":"2022-04-27T11:46:04","modified_gmt":"2022-04-27T09:46:04","slug":"archibaldo-lanus-2018","status":"publish","type":"page","link":"https:\/\/marienoelledelapoype.com\/en\/archibaldo-lanus-2018\/","title":{"rendered":"Archibaldo Lanus (2018)"},"content":{"rendered":"<p>L\u2019\u0153uvre de Marie-No\u00eblle de La Poype exprime sa vision esth\u00e9tique sur les plans les plus oppos\u00e9s du monde : l\u2019aspect mat\u00e9riel de la cr\u00e9ation et les plans subtiles de l\u2019esprit c\u00e9leste.<\/p>\n<p>Sa longue carri\u00e8re d\u2019artiste confirme qu\u2019elle poss\u00e8de le talent et l\u2019originalit\u00e9, deux qualit\u00e9s peu courantes dans cette \u00e9poque o\u00f9 rien ne parvient \u00e0 nous surprendre.<\/p>\n<p>Quand elle utilise la pierre et les anciens os de c\u00e9tac\u00e9s, traces d\u2019une biologie pr\u00e9c\u00e9dente, ses sculptures traduisent l\u2019histoire d\u2019une \u00e9volution mill\u00e9naire. Parce que les pierres et les ossements nous ram\u00e8nent, avec la consistance de ce qui ne bouge pas, \u00e0 la conviction que le monde a \u00e9t\u00e9 toujours l\u00e0, que nous sommes seulement des visiteurs.<\/p>\n<p>Quand elle choisit des formes a\u00e9riennes, celles-ci nous rappellent des songes et des r\u00eaves qui peuplent l\u2019imaginaire de notre vie ; elle fait alors de la transparence un discours plastique.<\/p>\n<p>Ce sont des vides qui, aux fils des heures, changent de couleurs, la luminosit\u00e9 se refl\u00e9tant dans les fibres d\u2019acier, que nous invitent \u00e0 jouer avec notre vocation ludique. Parfois les sculptures de Marie No\u00eblle ont le d\u00e9sir de faire une balade a\u00e9rienne dans un territoire emprunt\u00e9.<\/p>\n<p>Soit avec la mati\u00e8re solide ou avec les fils d\u2019acier model\u00e9s, son langage esth\u00e9tique adopte des formes discr\u00e8tes, comme s\u2019ils \u00e9taient des \u00eatres qui entrent l\u00e0 o\u00f9 nous sommes sur la pointe des pieds, sans faire de bruit.<\/p>\n<p>L\u2019art de Marie No\u00eblle de La Poype n\u2019est pas d\u00e9fin\u00eet par l\u2019exub\u00e9rance visuel, ni par les modes esth\u00e9tiques, que son talent sert \u00e0 nous faire comprendre que nous vivons dans deux dimensions \u00e0 la fois: la mati\u00e8re et l\u2019esprit.<\/p>\n<p>Pour Marie No\u00eblle de La Poype, les formes ont l\u2019autorit\u00e9 qui viennent des traditions et sagesses les plus anciennes, tels les menhirs ou les traces des dessins rupestres des cavernes.<\/p>\n<p>Marie No\u00eblle nous d\u00e9livre avec un accent majeur sa vision de la beaut\u00e9 qu\u2019elle ose exprimer \u00e0 partir de la connaissance \u00e9motionnelle de la vie. C\u2019est pour cela que nous sommes toujours \u00e9blouis et perplexes devant cette grande artiste.<\/p>\n<p>Andr\u00e9 Malraux a dit que l\u2019art est le moyen qu\u2019\u00e0 l\u2019\u00eatre humain pour d\u00e9livrer sa grandeur cach\u00e9e.<\/p>\n<p><em>Archibaldo Lanus, ambassadeur honoraire d\u2019Argentine<\/em><\/p>\n<p><em>Paris, 29 juillet, 2018<\/em><\/p>\n","protected":false},"excerpt":{"rendered":"<p>L\u2019\u0153uvre de Marie-No\u00eblle de La Poype exprime sa vision esth\u00e9tique sur les plans les plus oppos\u00e9s du monde : l\u2019aspect mat\u00e9riel de la cr\u00e9ation et les plans subtiles de l\u2019esprit c\u00e9leste. Sa longue carri\u00e8re d\u2019artiste confirme qu\u2019elle poss\u00e8de le talent et l\u2019originalit\u00e9, deux qualit\u00e9s peu courantes dans cette \u00e9poque o\u00f9 rien ne parvient \u00e0 nous [&hellip;]<\/p>\n","protected":false},"author":4,"featured_media":0,"parent":0,"menu_order":-1,"comment_status":"closed","ping_status":"closed","template":"","meta":{"_et_pb_use_builder":"off","_et_pb_old_content":"","_et_gb_content_width":"","footnotes":""},"class_list":["post-25501","page","type-page","status-publish","hentry"],"_links":{"self":[{"href":"https:\/\/marienoelledelapoype.com\/en\/wp-json\/wp\/v2\/pages\/25501","targetHints":{"allow":["GET"]}}],"collection":[{"href":"https:\/\/marienoelledelapoype.com\/en\/wp-json\/wp\/v2\/pages"}],"about":[{"href":"https:\/\/marienoelledelapoype.com\/en\/wp-json\/wp\/v2\/types\/page"}],"author":[{"embeddable":true,"href":"https:\/\/marienoelledelapoype.com\/en\/wp-json\/wp\/v2\/users\/4"}],"replies":[{"embeddable":true,"href":"https:\/\/marienoelledelapoype.com\/en\/wp-json\/wp\/v2\/comments?post=25501"}],"version-history":[{"count":0,"href":"https:\/\/marienoelledelapoype.com\/en\/wp-json\/wp\/v2\/pages\/25501\/revisions"}],"wp:attachment":[{"href":"https:\/\/marienoelledelapoype.com\/en\/wp-json\/wp\/v2\/media?parent=25501"}],"curies":[{"name":"wp","href":"https:\/\/api.w.org\/{rel}","templated":true}]}}