{"id":4025,"date":"2022-01-14T12:24:11","date_gmt":"2022-01-14T11:24:11","guid":{"rendered":"https:\/\/marienoelledelapoype.com\/daniel-pelletti-1998\/"},"modified":"2022-04-27T12:38:06","modified_gmt":"2022-04-27T10:38:06","slug":"daniel-pelletti-1998","status":"publish","type":"page","link":"https:\/\/marienoelledelapoype.com\/en\/daniel-pelletti-1998\/","title":{"rendered":"Daniel Pelletti (1998)"},"content":{"rendered":"<p><strong>L\u2019\u0153uvre sculpt\u00e9e de Marie-No\u00eblle de la Poype<\/strong><\/p>\n<p>Serait-elle formes chamaniques, celles dont la vocation plastique mat\u00e9rialise des mythes collectifs ou d\u00e9monstrations anatomiques anim\u00e9es de pouvoirs surnaturels.<\/p>\n<p>Ou tout simplement des pointes \u00e9rig\u00e9es primitivement pour faciliter la communication avec Icare tomb\u00e9 des \u00e9toiles. Toutes les pistes sont probables, m\u00eame l\u2019ironie, j\u2019entends un ensemble d\u00e9di\u00e9 \u00e0 la fertilit\u00e9. Qui sait ?&#8230; Marie-No\u00eblle a assimil\u00e9 les grandes le\u00e7ons du pass\u00e9 le plus lointain quand le cr\u00e9ateur-chasseur vouait \u00e0 l\u2019os un int\u00e9r\u00eat unique et vital. L\u2019organe transform\u00e9 en outil ou \u0153uvre d\u2019art souvent lac\u00e9r\u00e9 de gravures ou de traces polychromes distingue l\u2019homme de l\u2019animal et est le premier t\u00e9moignage de notre volont\u00e9 lib\u00e9ratrice, 30.000 ans avant nous.<\/p>\n<p>Tu cherches ton inspiration dans la mati\u00e8re premi\u00e8re trouv\u00e9e dans les ossuaires baleiniers laiss\u00e9s au hasard de campagnes de chasses s\u00e9culaires.<\/p>\n<p>Tout est emb\u00fbche, l\u2019\u00e9loignement, la recherche, les transports et aussi la conservation, pour enfin atteindre la puissance de l\u2019\u0153uvre devenue autre r\u00e9alit\u00e9.<\/p>\n<p>Tu tot\u00e9mises \u00ab l\u2019instinct \u00bb de notre temps pour peut-\u00eatre \u00e9chapper \u00e0 sa possession incantatoire.<\/p>\n<p>Ta sculpture je la vois devant nous d\u00e9di\u00e9e aux humains si fragiles quelquefois mais capables aussi d\u2019atteindre les recoins les plus secrets de l\u2019univers.<\/p>\n<p>Daniel Pelletti, peintre, directeur d\u2019acad\u00e9mie des beaux-arts<\/p>\n<p>1998<\/p>\n","protected":false},"excerpt":{"rendered":"<p>L\u2019\u0153uvre sculpt\u00e9e de Marie-No\u00eblle de la Poype Serait-elle formes chamaniques, celles dont la vocation plastique mat\u00e9rialise des mythes collectifs ou d\u00e9monstrations anatomiques anim\u00e9es de pouvoirs surnaturels. Ou tout simplement des pointes \u00e9rig\u00e9es primitivement pour faciliter la communication avec Icare tomb\u00e9 des \u00e9toiles. Toutes les pistes sont probables, m\u00eame l\u2019ironie, j\u2019entends un ensemble d\u00e9di\u00e9 \u00e0 la [&hellip;]<\/p>\n","protected":false},"author":4,"featured_media":0,"parent":0,"menu_order":12,"comment_status":"closed","ping_status":"closed","template":"","meta":{"_et_pb_use_builder":"off","_et_pb_old_content":"","_et_gb_content_width":"","footnotes":""},"class_list":["post-4025","page","type-page","status-publish","hentry"],"_links":{"self":[{"href":"https:\/\/marienoelledelapoype.com\/en\/wp-json\/wp\/v2\/pages\/4025","targetHints":{"allow":["GET"]}}],"collection":[{"href":"https:\/\/marienoelledelapoype.com\/en\/wp-json\/wp\/v2\/pages"}],"about":[{"href":"https:\/\/marienoelledelapoype.com\/en\/wp-json\/wp\/v2\/types\/page"}],"author":[{"embeddable":true,"href":"https:\/\/marienoelledelapoype.com\/en\/wp-json\/wp\/v2\/users\/4"}],"replies":[{"embeddable":true,"href":"https:\/\/marienoelledelapoype.com\/en\/wp-json\/wp\/v2\/comments?post=4025"}],"version-history":[{"count":7,"href":"https:\/\/marienoelledelapoype.com\/en\/wp-json\/wp\/v2\/pages\/4025\/revisions"}],"predecessor-version":[{"id":25524,"href":"https:\/\/marienoelledelapoype.com\/en\/wp-json\/wp\/v2\/pages\/4025\/revisions\/25524"}],"wp:attachment":[{"href":"https:\/\/marienoelledelapoype.com\/en\/wp-json\/wp\/v2\/media?parent=4025"}],"curies":[{"name":"wp","href":"https:\/\/api.w.org\/{rel}","templated":true}]}}